{"id":510,"date":"2021-06-09T05:12:39","date_gmt":"2021-06-09T05:12:39","guid":{"rendered":"https:\/\/modi.co.mz\/?page_id=510"},"modified":"2021-07-27T07:20:37","modified_gmt":"2021-07-27T05:20:37","slug":"perguntas-frequentes","status":"publish","type":"page","link":"https:\/\/modi.co.mz\/en\/parceiros\/perguntas-frequentes\/","title":{"rendered":"FAQ"},"content":{"rendered":"<div data-elementor-type=\"wp-page\" data-elementor-id=\"510\" class=\"elementor elementor-510\" data-elementor-settings=\"[]\">\n\t\t\t\t\t\t<div class=\"elementor-inner\">\n\t\t\t\t\t\t\t<div class=\"elementor-section-wrap\">\n\t\t\t\t\t\t\t<section data-particle_enable=\"false\" data-particle-mobile-disabled=\"false\" class=\"elementor-section elementor-top-section elementor-element elementor-element-b168b79 elementor-section-boxed elementor-section-height-default elementor-section-height-default\" data-id=\"b168b79\" data-element_type=\"section\">\n\t\t\t\t\t\t<div class=\"elementor-container elementor-column-gap-default\">\n\t\t\t\t\t\t\t<div class=\"elementor-row\">\n\t\t\t\t\t<div class=\"elementor-column elementor-col-100 elementor-top-column elementor-element elementor-element-645ec81\" data-id=\"645ec81\" data-element_type=\"column\">\n\t\t\t<div class=\"elementor-column-wrap elementor-element-populated\">\n\t\t\t\t\t\t\t<div class=\"elementor-widget-wrap\">\n\t\t\t\t\t\t<div class=\"elementor-element elementor-element-ca6bd83 elementor-widget elementor-widget-accordion\" data-id=\"ca6bd83\" data-element_type=\"widget\" data-widget_type=\"accordion.default\">\n\t\t\t\t<div class=\"elementor-widget-container\">\n\t\t\t\t\t<div class=\"elementor-accordion\" role=\"tablist\">\n\t\t\t\t\t\t\t<div class=\"elementor-accordion-item\">\n\t\t\t\t\t<div id=\"elementor-tab-title-2121\" class=\"elementor-tab-title\" data-tab=\"1\" role=\"tab\" aria-controls=\"elementor-tab-content-2121\" aria-expanded=\"false\">\n\t\t\t\t\t\t\t\t\t\t\t\t\t<span class=\"elementor-accordion-icon elementor-accordion-icon-left\" aria-hidden=\"true\">\n\t\t\t\t\t\t\t\t\t\t\t\t\t\t\t<span class=\"elementor-accordion-icon-closed\"><i class=\"fas fa-plus\"><\/i><\/span>\n\t\t\t\t\t\t\t\t<span class=\"elementor-accordion-icon-opened\"><i class=\"fas fa-minus\"><\/i><\/span>\n\t\t\t\t\t\t\t\t\t\t\t\t\t\t<\/span>\n\t\t\t\t\t\t\t\t\t\t\t\t<a class=\"elementor-accordion-title\" href=\"\">001 - Quem tem acesso aos dados pessoais dos nossos clientes quando subscrevemos ao MoDi?<\/a>\n\t\t\t\t\t<\/div>\n\t\t\t\t\t<div id=\"elementor-tab-content-2121\" class=\"elementor-tab-content elementor-clearfix\" data-tab=\"1\" role=\"tabpanel\" aria-labelledby=\"elementor-tab-title-2121\"><p><span style=\"font-weight: 400;\">Apenas as conex\u00f5es confi\u00e1veis \u200b\u200b(ou seja, institui\u00e7\u00f5es financeiras, Operadoras M\u00f3veis, etc.) ter\u00e3o acesso \u00e0 informa\u00e7\u00e3o dos clientes, assumindo que o pr\u00f3prio cliente d\u00ea o consentimento. Ter\u00e1 tamb\u00e9m a capacidade de ver quem e que informa\u00e7\u00e3o partilhou. Para saber mais, leia os <\/span><a href=\"https:\/\/modi.tablu.tech\/modi_website\/termos-e-condicoes\/\"><span style=\"font-weight: 400;\">Termos e Condi\u00e7\u00f5es<\/span><\/a><span style=\"font-weight: 400;\"> on the Modi website.<\/span><\/p><\/div>\n\t\t\t\t<\/div>\n\t\t\t\t\t\t\t<div class=\"elementor-accordion-item\">\n\t\t\t\t\t<div id=\"elementor-tab-title-2122\" class=\"elementor-tab-title\" data-tab=\"2\" role=\"tab\" aria-controls=\"elementor-tab-content-2122\" aria-expanded=\"false\">\n\t\t\t\t\t\t\t\t\t\t\t\t\t<span class=\"elementor-accordion-icon elementor-accordion-icon-left\" aria-hidden=\"true\">\n\t\t\t\t\t\t\t\t\t\t\t\t\t\t\t<span class=\"elementor-accordion-icon-closed\"><i class=\"fas fa-plus\"><\/i><\/span>\n\t\t\t\t\t\t\t\t<span class=\"elementor-accordion-icon-opened\"><i class=\"fas fa-minus\"><\/i><\/span>\n\t\t\t\t\t\t\t\t\t\t\t\t\t\t<\/span>\n\t\t\t\t\t\t\t\t\t\t\t\t<a class=\"elementor-accordion-title\" href=\"\">002 - Quem guarda os dados que est\u00e3o sendo trocados com o MoDI?<\/a>\n\t\t\t\t\t<\/div>\n\t\t\t\t\t<div id=\"elementor-tab-content-2122\" class=\"elementor-tab-content elementor-clearfix\" data-tab=\"2\" role=\"tabpanel\" aria-labelledby=\"elementor-tab-title-2122\"><p><span style=\"font-weight: 400;\">As informa\u00e7\u00f5es pessoais dos seus clientes s\u00e3o armazenadas e mantidas pelas conex\u00f5es confi\u00e1veis, como sua institui\u00e7\u00e3o financeira, e outras. Outros participantes confi\u00e1veis \u200b\u200bda rede que que os seus clientes tenham autorizado a receber suas informa\u00e7\u00f5es pessoais tamb\u00e9m podem armazenar estas informa\u00e7\u00f5es. Para saber mais, leia os <\/span><a href=\"https:\/\/modi.co.mz\/en\/parceiros\/legal\/\"><span style=\"font-weight: 400;\">Termos e Condi\u00e7\u00f5es<\/span><\/a><span style=\"font-weight: 400;\"> on the Modi website.<\/span><\/p><\/div>\n\t\t\t\t<\/div>\n\t\t\t\t\t\t\t<div class=\"elementor-accordion-item\">\n\t\t\t\t\t<div id=\"elementor-tab-title-2123\" class=\"elementor-tab-title\" data-tab=\"3\" role=\"tab\" aria-controls=\"elementor-tab-content-2123\" aria-expanded=\"false\">\n\t\t\t\t\t\t\t\t\t\t\t\t\t<span class=\"elementor-accordion-icon elementor-accordion-icon-left\" aria-hidden=\"true\">\n\t\t\t\t\t\t\t\t\t\t\t\t\t\t\t<span class=\"elementor-accordion-icon-closed\"><i class=\"fas fa-plus\"><\/i><\/span>\n\t\t\t\t\t\t\t\t<span class=\"elementor-accordion-icon-opened\"><i class=\"fas fa-minus\"><\/i><\/span>\n\t\t\t\t\t\t\t\t\t\t\t\t\t\t<\/span>\n\t\t\t\t\t\t\t\t\t\t\t\t<a class=\"elementor-accordion-title\" href=\"\">003 - O que \u00e9 MoDI?<\/a>\n\t\t\t\t\t<\/div>\n\t\t\t\t\t<div id=\"elementor-tab-content-2123\" class=\"elementor-tab-content elementor-clearfix\" data-tab=\"3\" role=\"tabpanel\" aria-labelledby=\"elementor-tab-title-2123\"><p><span style=\"font-weight: 400;\">O Modi powered by Tablu Tecnologias \u00e9 um servi\u00e7o j\u00e1 consagrado e leg\u00edtimo de Mo\u00e7ambique que <\/span><span style=\"font-weight: 400;\">ajuda entidades, com consentimento de seus clientes, a obterem dados de seus clientes vindos de outras entidades confiadas de maneira simples, eletr\u00f4nica e segura, para apoiar em processos tais como de <\/span><i><span style=\"font-weight: 400;\">data<\/span><\/i><span style=\"font-weight: 400;\"> e atualiza\u00e7\u00e3o de contas j\u00e1 existentes<\/span><span style=\"font-weight: 400;\">. O servi\u00e7o Modi \u00e9 protegido por fortes protocolos de seguran\u00e7a para proteger as informa\u00e7\u00f5es pessoais de serem identificadas, acessadas ou utilizadas indevidamente. O Modi n\u00e3o tem acesso \u00e0s informa\u00e7\u00f5es banc\u00e1rias ou \u00e0s credenciais usadas para fazer login em institui\u00e7\u00f5es financeiras, por exemplo.<\/span><\/p><\/div>\n\t\t\t\t<\/div>\n\t\t\t\t\t\t\t<div class=\"elementor-accordion-item\">\n\t\t\t\t\t<div id=\"elementor-tab-title-2124\" class=\"elementor-tab-title\" data-tab=\"4\" role=\"tab\" aria-controls=\"elementor-tab-content-2124\" aria-expanded=\"false\">\n\t\t\t\t\t\t\t\t\t\t\t\t\t<span class=\"elementor-accordion-icon elementor-accordion-icon-left\" aria-hidden=\"true\">\n\t\t\t\t\t\t\t\t\t\t\t\t\t\t\t<span class=\"elementor-accordion-icon-closed\"><i class=\"fas fa-plus\"><\/i><\/span>\n\t\t\t\t\t\t\t\t<span class=\"elementor-accordion-icon-opened\"><i class=\"fas fa-minus\"><\/i><\/span>\n\t\t\t\t\t\t\t\t\t\t\t\t\t\t<\/span>\n\t\t\t\t\t\t\t\t\t\t\t\t<a class=\"elementor-accordion-title\" href=\"\">004 - Como o Modi me ajuda?<\/a>\n\t\t\t\t\t<\/div>\n\t\t\t\t\t<div id=\"elementor-tab-content-2124\" class=\"elementor-tab-content elementor-clearfix\" data-tab=\"4\" role=\"tabpanel\" aria-labelledby=\"elementor-tab-title-2124\"><p><i><span style=\"font-weight: 400;\">Digital<\/span><\/i><span style=\"font-weight: 400;\"> onboarding:<br \/><\/span><span style=\"font-weight: 400;\">Na coleta de dados digitais, de KYC (com o consentimento do cliente), para <\/span><i><span style=\"font-weight: 400;\">onboarding<\/span><\/i><span style=\"font-weight: 400;\"> e atualiza\u00e7\u00e3o da conta, evitando n\u00e3o conformidades.<\/span><\/p><p><span style=\"font-weight: 400;\">Extratos e d\u00e9bitos diretos:<br \/><\/span><span style=\"font-weight: 400;\">Na recep\u00e7\u00e3o de extratos de clientes e documentos de aprova\u00e7\u00f5es de d\u00e9bito direto sem esfor\u00e7o, com o consentimento do cliente.<\/span><\/p><p><span style=\"font-weight: 400;\">Verifica\u00e7\u00e3o do subscritor:<br \/><\/span><span style=\"font-weight: 400;\">Na valida\u00e7\u00e3o do n\u00famero do celular do seu cliente, ou na revalida\u00e7\u00e3o regular, para evitar atividades fraudulentas, por acesso a informa\u00e7\u00f5es confidenciais como OTPs ou mini extratos de conta.<\/span><\/p><\/div>\n\t\t\t\t<\/div>\n\t\t\t\t\t\t\t<div class=\"elementor-accordion-item\">\n\t\t\t\t\t<div id=\"elementor-tab-title-2125\" class=\"elementor-tab-title\" data-tab=\"5\" role=\"tab\" aria-controls=\"elementor-tab-content-2125\" aria-expanded=\"false\">\n\t\t\t\t\t\t\t\t\t\t\t\t\t<span class=\"elementor-accordion-icon elementor-accordion-icon-left\" aria-hidden=\"true\">\n\t\t\t\t\t\t\t\t\t\t\t\t\t\t\t<span class=\"elementor-accordion-icon-closed\"><i class=\"fas fa-plus\"><\/i><\/span>\n\t\t\t\t\t\t\t\t<span class=\"elementor-accordion-icon-opened\"><i class=\"fas fa-minus\"><\/i><\/span>\n\t\t\t\t\t\t\t\t\t\t\t\t\t\t<\/span>\n\t\t\t\t\t\t\t\t\t\t\t\t<a class=\"elementor-accordion-title\" href=\"\">005 - Como posso fazer parte do Modi?<\/a>\n\t\t\t\t\t<\/div>\n\t\t\t\t\t<div id=\"elementor-tab-content-2125\" class=\"elementor-tab-content elementor-clearfix\" data-tab=\"5\" role=\"tabpanel\" aria-labelledby=\"elementor-tab-title-2125\"><p><span style=\"font-weight: 400;\">Marque um demo conosco, ou envie-nos um email para o <\/span><a href=\"mailto:info@modi.co.mz\"><span style=\"font-weight: 400;\">info@modi.co.mz.<\/span><\/a><\/p><\/div>\n\t\t\t\t<\/div>\n\t\t\t\t\t\t\t<div class=\"elementor-accordion-item\">\n\t\t\t\t\t<div id=\"elementor-tab-title-2126\" class=\"elementor-tab-title\" data-tab=\"6\" role=\"tab\" aria-controls=\"elementor-tab-content-2126\" aria-expanded=\"false\">\n\t\t\t\t\t\t\t\t\t\t\t\t\t<span class=\"elementor-accordion-icon elementor-accordion-icon-left\" aria-hidden=\"true\">\n\t\t\t\t\t\t\t\t\t\t\t\t\t\t\t<span class=\"elementor-accordion-icon-closed\"><i class=\"fas fa-plus\"><\/i><\/span>\n\t\t\t\t\t\t\t\t<span class=\"elementor-accordion-icon-opened\"><i class=\"fas fa-minus\"><\/i><\/span>\n\t\t\t\t\t\t\t\t\t\t\t\t\t\t<\/span>\n\t\t\t\t\t\t\t\t\t\t\t\t<a class=\"elementor-accordion-title\" href=\"\">006 - Como o Modi \u00e9 seguro?<\/a>\n\t\t\t\t\t<\/div>\n\t\t\t\t\t<div id=\"elementor-tab-content-2126\" class=\"elementor-tab-content elementor-clearfix\" data-tab=\"6\" role=\"tabpanel\" aria-labelledby=\"elementor-tab-title-2126\"><ol><li><span style=\"font-weight: 400;\"> O Modi \u00e9 um servi\u00e7o leg\u00edtimo oferecido pela Tablu Tecnologias. O servi\u00e7o Modi foi desenvolvido de acordo com os mais altos protocolos de seguran\u00e7a e as mais recentes regulamenta\u00e7\u00f5es de prote\u00e7\u00e3o ao cliente no seu n\u00facleo.<\/span><\/li><li><span style=\"font-weight: 400;\"> Voc\u00ea ser\u00e1 solicitado a consentir em todas as transa\u00e7\u00f5es. Voc\u00ea est\u00e1 sempre no controle.<\/span><\/li><li><span style=\"font-weight: 400;\"> Suas informa\u00e7\u00f5es pessoais s\u00e3o armazenadas e mantidas por suas conex\u00f5es confi\u00e1veis \u200b\u200b- como sua institui\u00e7\u00e3o financeira. Outras organiza\u00e7\u00f5es confi\u00e1veis \u200b\u200bque voc\u00ea autorizou a receber suas informa\u00e7\u00f5es pessoais tamb\u00e9m podem armazenar uma c\u00f3pia. Suas informa\u00e7\u00f5es pessoais n\u00e3o s\u00e3o copiadas ou armazenadas no aplicativo Modi.<\/span><\/li><li><span style=\"font-weight: 400;\"> O servi\u00e7o Modi usa protocolos de seguran\u00e7a fortes para proteger suas informa\u00e7\u00f5es de serem identificadas, acessadas ou usadas indevidamente quando s\u00e3o enviadas atrav\u00e9s do servi\u00e7o Modi. Suas informa\u00e7\u00f5es s\u00e3o disponibilizadas em tempo real e criptografadas antes de serem enviadas da sua conex\u00e3o confi\u00e1vel quando o permitir.<\/span><\/li><\/ol><p><span style=\"font-weight: 400;\">O Modi tem um relacionamento leg\u00edtimo com as seguintes organiza\u00e7\u00f5es de servi\u00e7o.<\/span><\/p><ul><li style=\"font-weight: 400;\" aria-level=\"1\"><span style=\"font-weight: 400;\">Standard Bank Mozambique;<\/span><\/li><li style=\"font-weight: 400;\" aria-level=\"1\"><span style=\"font-weight: 400;\">Vodacom Mo\u00e7ambique;<\/span><\/li><li style=\"font-weight: 400;\" aria-level=\"1\"><span style=\"font-weight: 400;\">INCM;<\/span><\/li><li style=\"font-weight: 400;\" aria-level=\"1\"><span style=\"font-weight: 400;\">Vodafone M-Pesa;<\/span><\/li><li style=\"font-weight: 400;\" aria-level=\"1\"><span style=\"font-weight: 400;\">Movel Care;<\/span><\/li><li style=\"font-weight: 400;\" aria-level=\"1\"><span style=\"font-weight: 400;\">Hollard Mo\u00e7ambique;<\/span><\/li><\/ul><\/div>\n\t\t\t\t<\/div>\n\t\t\t\t\t\t\t<div class=\"elementor-accordion-item\">\n\t\t\t\t\t<div id=\"elementor-tab-title-2127\" class=\"elementor-tab-title\" data-tab=\"7\" role=\"tab\" aria-controls=\"elementor-tab-content-2127\" aria-expanded=\"false\">\n\t\t\t\t\t\t\t\t\t\t\t\t\t<span class=\"elementor-accordion-icon elementor-accordion-icon-left\" aria-hidden=\"true\">\n\t\t\t\t\t\t\t\t\t\t\t\t\t\t\t<span class=\"elementor-accordion-icon-closed\"><i class=\"fas fa-plus\"><\/i><\/span>\n\t\t\t\t\t\t\t\t<span class=\"elementor-accordion-icon-opened\"><i class=\"fas fa-minus\"><\/i><\/span>\n\t\t\t\t\t\t\t\t\t\t\t\t\t\t<\/span>\n\t\t\t\t\t\t\t\t\t\t\t\t<a class=\"elementor-accordion-title\" href=\"\">007 - Isso me custa alguma coisa?<\/a>\n\t\t\t\t\t<\/div>\n\t\t\t\t\t<div id=\"elementor-tab-content-2127\" class=\"elementor-tab-content elementor-clearfix\" data-tab=\"7\" role=\"tabpanel\" aria-labelledby=\"elementor-tab-title-2127\"><p><span style=\"font-weight: 400;\">Para os parceiros que queiram ter acesso a informa\u00e7\u00f5es de clientes o Modi tem custos. <\/span><a href=\"https:\/\/modi.co.mz\/en\/parceiros\/marque-o-seu-demo\/\"><span style=\"font-weight: 400;\">Contacte-nos para uma demonstra\u00e7\u00e3o<\/span><\/a><span style=\"font-weight: 400;\"> atrav\u00e9s do email <\/span><a href=\"mailto:info@modi.co.mz\"><span style=\"font-weight: 400;\">info@Modi.co.mz<\/span><\/a><span style=\"font-weight: 400;\">, ou para partilhar o nosso pre\u00e7\u00e1rio.<\/span><\/p><\/div>\n\t\t\t\t<\/div>\n\t\t\t\t\t\t\t<div class=\"elementor-accordion-item\">\n\t\t\t\t\t<div id=\"elementor-tab-title-2128\" class=\"elementor-tab-title\" data-tab=\"8\" role=\"tab\" aria-controls=\"elementor-tab-content-2128\" aria-expanded=\"false\">\n\t\t\t\t\t\t\t\t\t\t\t\t\t<span class=\"elementor-accordion-icon elementor-accordion-icon-left\" aria-hidden=\"true\">\n\t\t\t\t\t\t\t\t\t\t\t\t\t\t\t<span class=\"elementor-accordion-icon-closed\"><i class=\"fas fa-plus\"><\/i><\/span>\n\t\t\t\t\t\t\t\t<span class=\"elementor-accordion-icon-opened\"><i class=\"fas fa-minus\"><\/i><\/span>\n\t\t\t\t\t\t\t\t\t\t\t\t\t\t<\/span>\n\t\t\t\t\t\t\t\t\t\t\t\t<a class=\"elementor-accordion-title\" href=\"\">008 - Quais institui\u00e7\u00f5es j\u00e1 fazem parte do Modi?<\/a>\n\t\t\t\t\t<\/div>\n\t\t\t\t\t<div id=\"elementor-tab-content-2128\" class=\"elementor-tab-content elementor-clearfix\" data-tab=\"8\" role=\"tabpanel\" aria-labelledby=\"elementor-tab-title-2128\"><p><span style=\"font-weight: 400;\">O Standard Bank, a Hollard Mo\u00e7ambique, a Vodacom Mo\u00e7ambique, a Vodafone M-Pesa, a M\u00f3vel Care e a INCM s\u00e3o participantes na rede Modi.<\/span><\/p><p><span style=\"font-weight: 400;\">Outras institui\u00e7\u00f5es n\u00e3o listadas tamb\u00e9m poder\u00e3o juntar-se ao servi\u00e7o em breve. Fique atento!<\/span><\/p><\/div>\n\t\t\t\t<\/div>\n\t\t\t\t\t<\/div>\n\t\t\t\t<\/div>\n\t\t\t\t<\/div>\n\t\t\t\t\t\t<\/div>\n\t\t\t\t\t<\/div>\n\t\t<\/div>\n\t\t\t\t\t\t\t\t<\/div>\n\t\t\t\t\t<\/div>\n\t\t<\/section>\n\t\t\t\t\t\t<\/div>\n\t\t\t\t\t\t<\/div>\n\t\t\t\t\t<\/div>","protected":false},"excerpt":{"rendered":"<p>001 &#8211; Quem tem acesso aos dados pessoais dos nossos clientes quando subscrevemos ao MoDi? Apenas as conex\u00c3\u0192\u00c2\u00b5es confi\u00c3\u0192\u00c2\u00a1veis \u00c3\u00a2\u00e2\u201a\u00ac\u00e2\u20ac\u00b9\u00c3\u00a2\u00e2\u201a\u00ac\u00e2\u20ac\u00b9(ou seja, institui\u00c3\u0192\u00c2\u00a7\u00c3\u0192\u00c2\u00b5es financeiras, Operadoras M\u00c3\u0192\u00c2\u00b3veis, etc.) ter\u00c3\u0192\u00c2\u00a3o acesso \u00c3\u0192\u00c2\u00a0 informa\u00c3\u0192\u00c2\u00a7\u00c3\u0192\u00c2\u00a3o dos clientes, assumindo que o pr\u00c3\u0192\u00c2\u00b3prio cliente d\u00c3\u0192\u00c2\u00aa o consentimento. Ter\u00c3\u0192\u00c2\u00a1 tamb\u00c3\u0192\u00c2\u00a9m a capacidade de ver quem e que informa\u00c3\u0192\u00c2\u00a7\u00c3\u0192\u00c2\u00a3o partilhou. Para saber mais, leia [&hellip;]<\/p>","protected":false},"author":1,"featured_media":0,"parent":13,"menu_order":0,"comment_status":"closed","ping_status":"closed","template":"elementor_header_footer","meta":[],"_links":{"self":[{"href":"https:\/\/modi.co.mz\/en\/wp-json\/wp\/v2\/pages\/510"}],"collection":[{"href":"https:\/\/modi.co.mz\/en\/wp-json\/wp\/v2\/pages"}],"about":[{"href":"https:\/\/modi.co.mz\/en\/wp-json\/wp\/v2\/types\/page"}],"author":[{"embeddable":true,"href":"https:\/\/modi.co.mz\/en\/wp-json\/wp\/v2\/users\/1"}],"replies":[{"embeddable":true,"href":"https:\/\/modi.co.mz\/en\/wp-json\/wp\/v2\/comments?post=510"}],"version-history":[{"count":28,"href":"https:\/\/modi.co.mz\/en\/wp-json\/wp\/v2\/pages\/510\/revisions"}],"predecessor-version":[{"id":1415,"href":"https:\/\/modi.co.mz\/en\/wp-json\/wp\/v2\/pages\/510\/revisions\/1415"}],"up":[{"embeddable":true,"href":"https:\/\/modi.co.mz\/en\/wp-json\/wp\/v2\/pages\/13"}],"wp:attachment":[{"href":"https:\/\/modi.co.mz\/en\/wp-json\/wp\/v2\/media?parent=510"}],"curies":[{"name":"wp","href":"https:\/\/api.w.org\/{rel}","templated":true}]}}