{"id":530,"date":"2021-06-09T06:01:30","date_gmt":"2021-06-09T06:01:30","guid":{"rendered":"https:\/\/modi.co.mz\/?page_id=530"},"modified":"2023-03-12T21:07:55","modified_gmt":"2023-03-12T19:07:55","slug":"perguntas-frequentes","status":"publish","type":"page","link":"https:\/\/modi.co.mz\/en\/usuarios\/perguntas-frequentes\/","title":{"rendered":"FAQ"},"content":{"rendered":"<div data-elementor-type=\"wp-page\" data-elementor-id=\"530\" class=\"elementor elementor-530\" data-elementor-settings=\"[]\">\n\t\t\t\t\t\t<div class=\"elementor-inner\">\n\t\t\t\t\t\t\t<div class=\"elementor-section-wrap\">\n\t\t\t\t\t\t\t<section data-particle_enable=\"false\" data-particle-mobile-disabled=\"false\" class=\"elementor-section elementor-top-section elementor-element elementor-element-db47733 elementor-section-boxed elementor-section-height-default elementor-section-height-default\" data-id=\"db47733\" data-element_type=\"section\">\n\t\t\t\t\t\t<div class=\"elementor-container elementor-column-gap-default\">\n\t\t\t\t\t\t\t<div class=\"elementor-row\">\n\t\t\t\t\t<div class=\"elementor-column elementor-col-100 elementor-top-column elementor-element elementor-element-20d9f6b\" data-id=\"20d9f6b\" data-element_type=\"column\">\n\t\t\t<div class=\"elementor-column-wrap elementor-element-populated\">\n\t\t\t\t\t\t\t<div class=\"elementor-widget-wrap\">\n\t\t\t\t\t\t<div class=\"elementor-element elementor-element-9f5d2e5 elementor-widget elementor-widget-accordion\" data-id=\"9f5d2e5\" data-element_type=\"widget\" data-widget_type=\"accordion.default\">\n\t\t\t\t<div class=\"elementor-widget-container\">\n\t\t\t\t\t<div class=\"elementor-accordion\" role=\"tablist\">\n\t\t\t\t\t\t\t<div class=\"elementor-accordion-item\">\n\t\t\t\t\t<div id=\"elementor-tab-title-1671\" class=\"elementor-tab-title\" data-tab=\"1\" role=\"tab\" aria-controls=\"elementor-tab-content-1671\" aria-expanded=\"false\">\n\t\t\t\t\t\t\t\t\t\t\t\t\t<span class=\"elementor-accordion-icon elementor-accordion-icon-left\" aria-hidden=\"true\">\n\t\t\t\t\t\t\t\t\t\t\t\t\t\t\t<span class=\"elementor-accordion-icon-closed\"><i class=\"fas fa-plus\"><\/i><\/span>\n\t\t\t\t\t\t\t\t<span class=\"elementor-accordion-icon-opened\"><i class=\"fas fa-minus\"><\/i><\/span>\n\t\t\t\t\t\t\t\t\t\t\t\t\t\t<\/span>\n\t\t\t\t\t\t\t\t\t\t\t\t<a class=\"elementor-accordion-title\" href=\"\">001 - Quem tem acesso aos meus dados pessoais quando utilizo o servi\u00e7o MoDI?<\/a>\n\t\t\t\t\t<\/div>\n\t\t\t\t\t<div id=\"elementor-tab-content-1671\" class=\"elementor-tab-content elementor-clearfix\" data-tab=\"1\" role=\"tabpanel\" aria-labelledby=\"elementor-tab-title-1671\"><p><span style=\"font-weight: 400;\">Suas conex\u00f5es confi\u00e1veis \u200b\u200b(ou seja, institui\u00e7\u00f5es financeiras, Operadoras M\u00f3veis, etc.) t\u00eam as suas informa\u00e7\u00f5es pessoais por meio de seus servi\u00e7os existentes com elas. \u00c9 como se voc\u00ea pedisse ao seu banco para fornecer a uma seguradora um subconjunto de informa\u00e7\u00f5es que ela tem em arquivo sobre si. Como s\u00e3o suas informa\u00e7\u00f5es pessoais, voc\u00ea tamb\u00e9m poder\u00e1 rever as informa\u00e7\u00f5es exibidas antes de dar seu consentimento. Para saber mais, leia os <a href=\"https:\/\/modi.co.mz\/en\/usuarios\/legal\/\">Termos e Condi\u00e7\u00f5es<\/a> on the Modi website.<\/span><\/p><\/div>\n\t\t\t\t<\/div>\n\t\t\t\t\t\t\t<div class=\"elementor-accordion-item\">\n\t\t\t\t\t<div id=\"elementor-tab-title-1672\" class=\"elementor-tab-title\" data-tab=\"2\" role=\"tab\" aria-controls=\"elementor-tab-content-1672\" aria-expanded=\"false\">\n\t\t\t\t\t\t\t\t\t\t\t\t\t<span class=\"elementor-accordion-icon elementor-accordion-icon-left\" aria-hidden=\"true\">\n\t\t\t\t\t\t\t\t\t\t\t\t\t\t\t<span class=\"elementor-accordion-icon-closed\"><i class=\"fas fa-plus\"><\/i><\/span>\n\t\t\t\t\t\t\t\t<span class=\"elementor-accordion-icon-opened\"><i class=\"fas fa-minus\"><\/i><\/span>\n\t\t\t\t\t\t\t\t\t\t\t\t\t\t<\/span>\n\t\t\t\t\t\t\t\t\t\t\t\t<a class=\"elementor-accordion-title\" href=\"\">002 - Quem guarda os dados que est\u00e3o sendo trocados com o MoDI? E onde minhas informa\u00e7\u00f5es pessoais est\u00e3o armazenadas?<\/a>\n\t\t\t\t\t<\/div>\n\t\t\t\t\t<div id=\"elementor-tab-content-1672\" class=\"elementor-tab-content elementor-clearfix\" data-tab=\"2\" role=\"tabpanel\" aria-labelledby=\"elementor-tab-title-1672\"><p><span style=\"font-weight: 400;\">Suas informa\u00e7\u00f5es pessoais s\u00e3o armazenadas e mantidas por suas conex\u00f5es confi\u00e1veis, como sua institui\u00e7\u00e3o financeira. Outros participantes confi\u00e1veis \u200b\u200bda rede que voc\u00ea autorizou a receber suas informa\u00e7\u00f5es pessoais tamb\u00e9m podem armazenar suas informa\u00e7\u00f5es. Para saber mais, leia os Termos e Condi\u00e7\u00f5es no site do MoDI.<\/span><\/p><\/div>\n\t\t\t\t<\/div>\n\t\t\t\t\t\t\t<div class=\"elementor-accordion-item\">\n\t\t\t\t\t<div id=\"elementor-tab-title-1673\" class=\"elementor-tab-title\" data-tab=\"3\" role=\"tab\" aria-controls=\"elementor-tab-content-1673\" aria-expanded=\"false\">\n\t\t\t\t\t\t\t\t\t\t\t\t\t<span class=\"elementor-accordion-icon elementor-accordion-icon-left\" aria-hidden=\"true\">\n\t\t\t\t\t\t\t\t\t\t\t\t\t\t\t<span class=\"elementor-accordion-icon-closed\"><i class=\"fas fa-plus\"><\/i><\/span>\n\t\t\t\t\t\t\t\t<span class=\"elementor-accordion-icon-opened\"><i class=\"fas fa-minus\"><\/i><\/span>\n\t\t\t\t\t\t\t\t\t\t\t\t\t\t<\/span>\n\t\t\t\t\t\t\t\t\t\t\t\t<a class=\"elementor-accordion-title\" href=\"\">003 - O que \u00e9 MoDI?<\/a>\n\t\t\t\t\t<\/div>\n\t\t\t\t\t<div id=\"elementor-tab-content-1673\" class=\"elementor-tab-content elementor-clearfix\" data-tab=\"3\" role=\"tabpanel\" aria-labelledby=\"elementor-tab-title-1673\"><p><span style=\"font-weight: 400;\">O MoDI powered by Tablu Tecnologias \u00e9 um servi\u00e7o j\u00e1 consagrado e leg\u00edtimo de Mo\u00e7ambique que o ajuda a verificar a sua identidade de forma r\u00e1pida e segura a partir do seu navegador ou telem\u00f3vel, utilizando dados pessoais que consente partilhar a partir das suas Conex\u00f5es como, por exemplo, a sua institui\u00e7\u00e3o financeira. O servi\u00e7o MoDI \u00e9 protegido por fortes protocolos de seguran\u00e7a para proteger as informa\u00e7\u00f5es pessoais de serem identificadas, acessadas ou utilizadas indevidamente. O MoDI n\u00e3o tem acesso \u00e0s suas informa\u00e7\u00f5es banc\u00e1rias ou \u00e0s credenciais que voc\u00ea usa para fazer login na sua institui\u00e7\u00e3o financeira, por exemplo.<\/span><\/p><p><span style=\"font-weight: 400;\">Voc\u00ea pode usar este servi\u00e7o se tiver uma conta em uma das institui\u00e7\u00f5es participantes.<\/span><\/p><\/div>\n\t\t\t\t<\/div>\n\t\t\t\t\t\t\t<div class=\"elementor-accordion-item\">\n\t\t\t\t\t<div id=\"elementor-tab-title-1674\" class=\"elementor-tab-title\" data-tab=\"4\" role=\"tab\" aria-controls=\"elementor-tab-content-1674\" aria-expanded=\"false\">\n\t\t\t\t\t\t\t\t\t\t\t\t\t<span class=\"elementor-accordion-icon elementor-accordion-icon-left\" aria-hidden=\"true\">\n\t\t\t\t\t\t\t\t\t\t\t\t\t\t\t<span class=\"elementor-accordion-icon-closed\"><i class=\"fas fa-plus\"><\/i><\/span>\n\t\t\t\t\t\t\t\t<span class=\"elementor-accordion-icon-opened\"><i class=\"fas fa-minus\"><\/i><\/span>\n\t\t\t\t\t\t\t\t\t\t\t\t\t\t<\/span>\n\t\t\t\t\t\t\t\t\t\t\t\t<a class=\"elementor-accordion-title\" href=\"\">004 - Como o MoDI me ajuda?<\/a>\n\t\t\t\t\t<\/div>\n\t\t\t\t\t<div id=\"elementor-tab-content-1674\" class=\"elementor-tab-content elementor-clearfix\" data-tab=\"4\" role=\"tabpanel\" aria-labelledby=\"elementor-tab-title-1674\"><p>1. Economize tempo<\/p><p>N\u00e3o h\u00e1 necessidade de compilar documentos ou ir pessoalmente para se registrar para servi\u00e7os ou produtos. Com o MoDI, voc\u00ea pode usar informa\u00e7\u00f5es pessoais j\u00e1 fornecidas a outras conex\u00f5es confi\u00e1veis, como sua institui\u00e7\u00e3o financeira, para obter acesso r\u00e1pido aos servi\u00e7os e produtos de que precisa.<\/p><p>2. Seguro e privado<\/p><p>O MoDI usa protocolos de seguran\u00e7a fortes para proteger as informa\u00e7\u00f5es pessoais de serem identificadas, acessadas ou utilizadas indevidamente. O MoDI n\u00e3o tem acesso \u00e0s credenciais que voc\u00ea usa para fazer login na sua institui\u00e7\u00e3o financeira.<\/p><p>3. Reduza o compartilhamento excessivo de informa\u00e7\u00f5es sobre voc\u00ea!<\/p><p>Fa\u00e7a a gest\u00e3o de maneira conveniente onde, quando e por que seus dados s\u00e3o compartilhados por meio do servi\u00e7o MoDI &#8211; somente com os provedores de servi\u00e7os participantes que voc\u00ea escolher.<\/p><p>4. Voc\u00ea est\u00e1 no controle.<\/p><p>Voc\u00ea ser\u00e1 solicitado a fornecer consentimento para todas as transa\u00e7\u00f5es.<\/p><p>5. \u00c9 gr\u00e1tis<\/p><p>Voc\u00ea n\u00e3o precisa pagar para fazer download ou usar o MoDI. Podem ser aplicadas taxas de dados da Internet.<\/p><\/div>\n\t\t\t\t<\/div>\n\t\t\t\t\t\t\t<div class=\"elementor-accordion-item\">\n\t\t\t\t\t<div id=\"elementor-tab-title-1675\" class=\"elementor-tab-title\" data-tab=\"5\" role=\"tab\" aria-controls=\"elementor-tab-content-1675\" aria-expanded=\"false\">\n\t\t\t\t\t\t\t\t\t\t\t\t\t<span class=\"elementor-accordion-icon elementor-accordion-icon-left\" aria-hidden=\"true\">\n\t\t\t\t\t\t\t\t\t\t\t\t\t\t\t<span class=\"elementor-accordion-icon-closed\"><i class=\"fas fa-plus\"><\/i><\/span>\n\t\t\t\t\t\t\t\t<span class=\"elementor-accordion-icon-opened\"><i class=\"fas fa-minus\"><\/i><\/span>\n\t\t\t\t\t\t\t\t\t\t\t\t\t\t<\/span>\n\t\t\t\t\t\t\t\t\t\t\t\t<a class=\"elementor-accordion-title\" href=\"\">005 - Como me inscrevo no MoDI?<\/a>\n\t\t\t\t\t<\/div>\n\t\t\t\t\t<div id=\"elementor-tab-content-1675\" class=\"elementor-tab-content elementor-clearfix\" data-tab=\"5\" role=\"tabpanel\" aria-labelledby=\"elementor-tab-title-1675\"><p><span style=\"font-weight: 400;\">Para criar um perfil MoDI via USSD:<\/span><\/p><ol><li style=\"font-weight: 400;\" aria-level=\"1\"><span style=\"font-weight: 400;\">Comece discando o c\u00f3digo de acesso * 640 # e pressione OK.<\/span><\/li><li style=\"font-weight: 400;\" aria-level=\"1\"><span style=\"font-weight: 400;\">A seguir, introduza o seu nome completo.<\/span><\/li><li style=\"font-weight: 400;\" aria-level=\"1\"><span style=\"font-weight: 400;\">Escolha um PIN de 4 d\u00edgitos, este PIN ser\u00e1 usado para dar consentimento \u00e0s futuras transa\u00e7\u00f5es.<\/span><\/li><li style=\"font-weight: 400;\" aria-level=\"1\"><span style=\"font-weight: 400;\">Confirme o seu PIN introduzindo-o novamente.<\/span><\/li><li style=\"font-weight: 400;\" aria-level=\"1\"><span style=\"font-weight: 400;\">E no fim, ir\u00e1 receber uma mensagem de confirma\u00e7\u00e3o de inscri\u00e7\u00e3o.<\/span><\/li><\/ol><p><span style=\"font-weight: 400;\">O n\u00famero de telefone usado para aceder ao men\u00fa USSD ser\u00e1 usado como o MoDI, isto \u00e9, o identificador \u00fanico do utilizador na plataforma.<\/span><\/p><p><span style=\"font-weight: 400;\">Para criar um perfil MoDI por meio do aplicativo m\u00f3vel:<\/span><\/p><ol><li><span style=\"font-weight: 400;\"> Baixe o aplicativo MoDI gratuitamente * na Apple Store (iOS) ou Google Play (Android).<\/span><\/li><li><span style=\"font-weight: 400;\"> Assim que o aplicativo estiver instalado, selecione no \u00edcone MoDI para abri-lo.<\/span><\/li><li><span style=\"font-weight: 400;\"> Escolha a op\u00e7\u00e3o \u201cInscrever-se\u201d e siga as instru\u00e7\u00f5es para concluir o processo de registro.<\/span><\/li><\/ol><p><span style=\"font-weight: 400;\">* Podem ser aplicadas taxas de dados da Internet.<\/span><\/p><p><span style=\"font-weight: 400;\">Para criar um perfil MoDI para uso baseado na web (quando dispon\u00edvel), basta clicar no bot\u00e3o \u201cMoDI\u201d ao v\u00ea-lo em uma p\u00e1gina da web como uma op\u00e7\u00e3o e seguir as instru\u00e7\u00f5es para concluir o processo de registro.<\/span><\/p><\/div>\n\t\t\t\t<\/div>\n\t\t\t\t\t\t\t<div class=\"elementor-accordion-item\">\n\t\t\t\t\t<div id=\"elementor-tab-title-1676\" class=\"elementor-tab-title\" data-tab=\"6\" role=\"tab\" aria-controls=\"elementor-tab-content-1676\" aria-expanded=\"false\">\n\t\t\t\t\t\t\t\t\t\t\t\t\t<span class=\"elementor-accordion-icon elementor-accordion-icon-left\" aria-hidden=\"true\">\n\t\t\t\t\t\t\t\t\t\t\t\t\t\t\t<span class=\"elementor-accordion-icon-closed\"><i class=\"fas fa-plus\"><\/i><\/span>\n\t\t\t\t\t\t\t\t<span class=\"elementor-accordion-icon-opened\"><i class=\"fas fa-minus\"><\/i><\/span>\n\t\t\t\t\t\t\t\t\t\t\t\t\t\t<\/span>\n\t\t\t\t\t\t\t\t\t\t\t\t<a class=\"elementor-accordion-title\" href=\"\">006 - Como o MoDI \u00e9 seguro?<\/a>\n\t\t\t\t\t<\/div>\n\t\t\t\t\t<div id=\"elementor-tab-content-1676\" class=\"elementor-tab-content elementor-clearfix\" data-tab=\"6\" role=\"tabpanel\" aria-labelledby=\"elementor-tab-title-1676\"><ol><li><span style=\"font-weight: 400;\"> O MoDI \u00e9 um servi\u00e7o leg\u00edtimo oferecido pela Tablu Tecnologias. O servi\u00e7o MoDI foi desenvolvido de acordo com os mais altos protocolos de seguran\u00e7a e as mais recentes regulamenta\u00e7\u00f5es de prote\u00e7\u00e3o ao cliente no seu n\u00facleo.<\/span><\/li><li><span style=\"font-weight: 400;\"> Voc\u00ea ser\u00e1 solicitado a consentir em todas as transa\u00e7\u00f5es. Voc\u00ea est\u00e1 sempre no controle.<\/span><\/li><li><span style=\"font-weight: 400;\"> Suas informa\u00e7\u00f5es pessoais s\u00e3o armazenadas e mantidas por suas conex\u00f5es confi\u00e1veis \u200b\u200b- como sua institui\u00e7\u00e3o financeira. Outras organiza\u00e7\u00f5es confi\u00e1veis \u200b\u200bque voc\u00ea autorizou a receber suas informa\u00e7\u00f5es pessoais tamb\u00e9m podem armazenar uma c\u00f3pia. Suas informa\u00e7\u00f5es pessoais n\u00e3o s\u00e3o copiadas ou armazenadas no aplicativo MoDI.<\/span><\/li><li><span style=\"font-weight: 400;\"> O servi\u00e7o MoDI usa protocolos de seguran\u00e7a fortes para proteger suas informa\u00e7\u00f5es de serem identificadas, acessadas ou usadas indevidamente quando s\u00e3o enviadas atrav\u00e9s do servi\u00e7o MoDI. Suas informa\u00e7\u00f5es s\u00e3o disponibilizadas em tempo real e criptografadas antes de serem enviadas da sua conex\u00e3o confi\u00e1vel quando o permitir.<\/span><\/li><\/ol><p><span style=\"font-weight: 400;\">O MoDI tem um relacionamento leg\u00edtimo com as seguintes organiza\u00e7\u00f5es de servi\u00e7o.<\/span><\/p><ul><li style=\"font-weight: 400;\" aria-level=\"1\"><span style=\"font-weight: 400;\">Standard Bank Mozambique;<\/span><\/li><li style=\"font-weight: 400;\" aria-level=\"1\"><span style=\"font-weight: 400;\">Vodacom Mo\u00e7ambique;<\/span><\/li><li style=\"font-weight: 400;\" aria-level=\"1\"><span style=\"font-weight: 400;\">INCM;<\/span><\/li><li style=\"font-weight: 400;\" aria-level=\"1\"><span style=\"font-weight: 400;\">Vodafone M-Pesa;<\/span><\/li><li style=\"font-weight: 400;\" aria-level=\"1\"><span style=\"font-weight: 400;\">Movel Care;<\/span><\/li><\/ul><\/div>\n\t\t\t\t<\/div>\n\t\t\t\t\t\t\t<div class=\"elementor-accordion-item\">\n\t\t\t\t\t<div id=\"elementor-tab-title-1677\" class=\"elementor-tab-title\" data-tab=\"7\" role=\"tab\" aria-controls=\"elementor-tab-content-1677\" aria-expanded=\"false\">\n\t\t\t\t\t\t\t\t\t\t\t\t\t<span class=\"elementor-accordion-icon elementor-accordion-icon-left\" aria-hidden=\"true\">\n\t\t\t\t\t\t\t\t\t\t\t\t\t\t\t<span class=\"elementor-accordion-icon-closed\"><i class=\"fas fa-plus\"><\/i><\/span>\n\t\t\t\t\t\t\t\t<span class=\"elementor-accordion-icon-opened\"><i class=\"fas fa-minus\"><\/i><\/span>\n\t\t\t\t\t\t\t\t\t\t\t\t\t\t<\/span>\n\t\t\t\t\t\t\t\t\t\t\t\t<a class=\"elementor-accordion-title\" href=\"\">007 - Isso me custa alguma coisa?<\/a>\n\t\t\t\t\t<\/div>\n\t\t\t\t\t<div id=\"elementor-tab-content-1677\" class=\"elementor-tab-content elementor-clearfix\" data-tab=\"7\" role=\"tabpanel\" aria-labelledby=\"elementor-tab-title-1677\"><p><span style=\"font-weight: 400;\">N\u00e3o, o servi\u00e7o \u00e9 gratuito para usu\u00e1rios em Mo\u00e7ambique. Voc\u00ea n\u00e3o precisa pagar para fazer o download ou usar o MoDI. Podem ser aplicadas taxas padr\u00e3o de mensagens e dados de internet.<\/span><\/p><\/div>\n\t\t\t\t<\/div>\n\t\t\t\t\t\t\t<div class=\"elementor-accordion-item\">\n\t\t\t\t\t<div id=\"elementor-tab-title-1678\" class=\"elementor-tab-title\" data-tab=\"8\" role=\"tab\" aria-controls=\"elementor-tab-content-1678\" aria-expanded=\"false\">\n\t\t\t\t\t\t\t\t\t\t\t\t\t<span class=\"elementor-accordion-icon elementor-accordion-icon-left\" aria-hidden=\"true\">\n\t\t\t\t\t\t\t\t\t\t\t\t\t\t\t<span class=\"elementor-accordion-icon-closed\"><i class=\"fas fa-plus\"><\/i><\/span>\n\t\t\t\t\t\t\t\t<span class=\"elementor-accordion-icon-opened\"><i class=\"fas fa-minus\"><\/i><\/span>\n\t\t\t\t\t\t\t\t\t\t\t\t\t\t<\/span>\n\t\t\t\t\t\t\t\t\t\t\t\t<a class=\"elementor-accordion-title\" href=\"\">008 - Quais dispositivos s\u00e3o eleg\u00edveis para MoDI?<\/a>\n\t\t\t\t\t<\/div>\n\t\t\t\t\t<div id=\"elementor-tab-content-1678\" class=\"elementor-tab-content elementor-clearfix\" data-tab=\"8\" role=\"tabpanel\" aria-labelledby=\"elementor-tab-title-1678\"><p><span style=\"font-weight: 400;\">O aplicativo m\u00f3vel MoDI \u00e9 compat\u00edvel com smartphones iOS (10+) e Android (5+). Observe que o aplicativo n\u00e3o oferece suporte a tablets ou \u00e0s edi\u00e7\u00f5es de pr\u00e9-visualiza\u00e7\u00e3o \/ beta de iOS e Android. A vers\u00e3o baseada na web do servi\u00e7o, que \u00e9 uma op\u00e7\u00e3o dispon\u00edvel com os provedores de servi\u00e7o participantes, pode ser usada em qualquer dispositivo que tenha um navegador da Internet.<\/span><\/p><p><span style=\"font-weight: 400;\">O aplicativo MoDI USSD est\u00e1 dispon\u00edvel para todos os celulares e tablets que possuem acesso para usar funcionalidades USSD.<\/span><\/p><\/div>\n\t\t\t\t<\/div>\n\t\t\t\t\t\t\t<div class=\"elementor-accordion-item\">\n\t\t\t\t\t<div id=\"elementor-tab-title-1679\" class=\"elementor-tab-title\" data-tab=\"9\" role=\"tab\" aria-controls=\"elementor-tab-content-1679\" aria-expanded=\"false\">\n\t\t\t\t\t\t\t\t\t\t\t\t\t<span class=\"elementor-accordion-icon elementor-accordion-icon-left\" aria-hidden=\"true\">\n\t\t\t\t\t\t\t\t\t\t\t\t\t\t\t<span class=\"elementor-accordion-icon-closed\"><i class=\"fas fa-plus\"><\/i><\/span>\n\t\t\t\t\t\t\t\t<span class=\"elementor-accordion-icon-opened\"><i class=\"fas fa-minus\"><\/i><\/span>\n\t\t\t\t\t\t\t\t\t\t\t\t\t\t<\/span>\n\t\t\t\t\t\t\t\t\t\t\t\t<a class=\"elementor-accordion-title\" href=\"\">009 - Quais institui\u00e7\u00f5es posso selecionar para me inscrever no MoDI?<\/a>\n\t\t\t\t\t<\/div>\n\t\t\t\t\t<div id=\"elementor-tab-content-1679\" class=\"elementor-tab-content elementor-clearfix\" data-tab=\"9\" role=\"tabpanel\" aria-labelledby=\"elementor-tab-title-1679\"><p><span style=\"font-weight: 400;\">O Standard Bank, a Vodacom Mo\u00e7ambique, a Vodafone M-Pesa, a Movel Care e a INCM s\u00e3o participantes na rede MoDI.<\/span><\/p><p><span style=\"font-weight: 400;\">Voc\u00ea deve ter uma conta ativa \u00e9 eleg\u00edvel em uma dessas institui\u00e7\u00f5es para se inscrever e usar o servi\u00e7o MoDI.<\/span><\/p><p><span style=\"font-weight: 400;\">Os clientes do Standard Bank, Vodacom Mo\u00e7ambique, Vodafone M-Pesa, Movel Care e INCM podem utilizar o servi\u00e7o na vers\u00e3o app ou USSD. A vers\u00e3o baseada em navegador ainda est\u00e1 por vir. Os clientes das outras institui\u00e7\u00f5es listadas tamb\u00e9m poder\u00e3o usar o servi\u00e7o em breve. Fique atento!<\/span><\/p><\/div>\n\t\t\t\t<\/div>\n\t\t\t\t\t\t\t<div class=\"elementor-accordion-item\">\n\t\t\t\t\t<div id=\"elementor-tab-title-16710\" class=\"elementor-tab-title\" data-tab=\"10\" role=\"tab\" aria-controls=\"elementor-tab-content-16710\" aria-expanded=\"false\">\n\t\t\t\t\t\t\t\t\t\t\t\t\t<span class=\"elementor-accordion-icon elementor-accordion-icon-left\" aria-hidden=\"true\">\n\t\t\t\t\t\t\t\t\t\t\t\t\t\t\t<span class=\"elementor-accordion-icon-closed\"><i class=\"fas fa-plus\"><\/i><\/span>\n\t\t\t\t\t\t\t\t<span class=\"elementor-accordion-icon-opened\"><i class=\"fas fa-minus\"><\/i><\/span>\n\t\t\t\t\t\t\t\t\t\t\t\t\t\t<\/span>\n\t\t\t\t\t\t\t\t\t\t\t\t<a class=\"elementor-accordion-title\" href=\"\">010 - Quais organiza\u00e7\u00f5es confi\u00e1veis \u200b\u200bposso adicionar conex\u00f5es?<\/a>\n\t\t\t\t\t<\/div>\n\t\t\t\t\t<div id=\"elementor-tab-content-16710\" class=\"elementor-tab-content elementor-clearfix\" data-tab=\"10\" role=\"tabpanel\" aria-labelledby=\"elementor-tab-title-16710\"><p><span style=\"font-weight: 400;\">O MoDI \u00e9 apoiado por uma rede de organiza\u00e7\u00f5es confi\u00e1veis, comprometidas em criar uma experi\u00eancia de verifica\u00e7\u00e3o melhor e mais segura para os usu\u00e1rios, como institui\u00e7\u00f5es financeiras, seguradoras, operadoras de telecomunica\u00e7\u00f5es, reguladores e outros. A rede est\u00e1 sempre evoluindo. Volte aqui para ver os participantes mais recentes.<\/span><\/p><\/div>\n\t\t\t\t<\/div>\n\t\t\t\t\t<\/div>\n\t\t\t\t<\/div>\n\t\t\t\t<\/div>\n\t\t\t\t\t\t<\/div>\n\t\t\t\t\t<\/div>\n\t\t<\/div>\n\t\t\t\t\t\t\t\t<\/div>\n\t\t\t\t\t<\/div>\n\t\t<\/section>\n\t\t\t\t\t\t<\/div>\n\t\t\t\t\t\t<\/div>\n\t\t\t\t\t<\/div>","protected":false},"excerpt":{"rendered":"<p>001 &#8211; Quem tem acesso aos meus dados pessoais quando utilizo o servi\u00c3\u0192\u00c2\u00a7o MoDI? Suas conex\u00c3\u0192\u00c2\u00b5es confi\u00c3\u0192\u00c2\u00a1veis \u00c3\u00a2\u00e2\u201a\u00ac\u00e2\u20ac\u00b9\u00c3\u00a2\u00e2\u201a\u00ac\u00e2\u20ac\u00b9(ou seja, institui\u00c3\u0192\u00c2\u00a7\u00c3\u0192\u00c2\u00b5es financeiras, Operadoras M\u00c3\u0192\u00c2\u00b3veis, etc.) t\u00c3\u0192\u00c2\u00aam as suas informa\u00c3\u0192\u00c2\u00a7\u00c3\u0192\u00c2\u00b5es pessoais por meio de seus servi\u00c3\u0192\u00c2\u00a7os existentes com elas. \u00c3\u0192\u00e2\u20ac\u00b0 como se voc\u00c3\u0192\u00c2\u00aa pedisse ao seu banco para fornecer a uma seguradora um subconjunto de informa\u00c3\u0192\u00c2\u00a7\u00c3\u0192\u00c2\u00b5es que [&hellip;]<\/p>","protected":false},"author":1,"featured_media":0,"parent":527,"menu_order":0,"comment_status":"closed","ping_status":"closed","template":"","meta":[],"_links":{"self":[{"href":"https:\/\/modi.co.mz\/en\/wp-json\/wp\/v2\/pages\/530"}],"collection":[{"href":"https:\/\/modi.co.mz\/en\/wp-json\/wp\/v2\/pages"}],"about":[{"href":"https:\/\/modi.co.mz\/en\/wp-json\/wp\/v2\/types\/page"}],"author":[{"embeddable":true,"href":"https:\/\/modi.co.mz\/en\/wp-json\/wp\/v2\/users\/1"}],"replies":[{"embeddable":true,"href":"https:\/\/modi.co.mz\/en\/wp-json\/wp\/v2\/comments?post=530"}],"version-history":[{"count":19,"href":"https:\/\/modi.co.mz\/en\/wp-json\/wp\/v2\/pages\/530\/revisions"}],"predecessor-version":[{"id":1608,"href":"https:\/\/modi.co.mz\/en\/wp-json\/wp\/v2\/pages\/530\/revisions\/1608"}],"up":[{"embeddable":true,"href":"https:\/\/modi.co.mz\/en\/wp-json\/wp\/v2\/pages\/527"}],"wp:attachment":[{"href":"https:\/\/modi.co.mz\/en\/wp-json\/wp\/v2\/media?parent=530"}],"curies":[{"name":"wp","href":"https:\/\/api.w.org\/{rel}","templated":true}]}}