{"id":798,"date":"2021-06-20T15:43:16","date_gmt":"2021-06-20T15:43:16","guid":{"rendered":"https:\/\/modi.tablu.tech\/modi_website\/?page_id=798"},"modified":"2021-06-22T09:58:58","modified_gmt":"2021-06-22T07:58:58","slug":"sobre","status":"publish","type":"page","link":"https:\/\/modi.co.mz\/en\/usuarios\/sobre\/","title":{"rendered":"About"},"content":{"rendered":"<div data-elementor-type=\"wp-page\" data-elementor-id=\"798\" class=\"elementor elementor-798\" data-elementor-settings=\"[]\">\n\t\t\t\t\t\t<div class=\"elementor-inner\">\n\t\t\t\t\t\t\t<div class=\"elementor-section-wrap\">\n\t\t\t\t\t\t\t<section data-particle_enable=\"false\" data-particle-mobile-disabled=\"false\" class=\"elementor-section elementor-top-section elementor-element elementor-element-de2a87b elementor-section-full_width elementor-section-height-default elementor-section-height-default\" data-id=\"de2a87b\" data-element_type=\"section\">\n\t\t\t\t\t\t<div class=\"elementor-container elementor-column-gap-default\">\n\t\t\t\t\t\t\t<div class=\"elementor-row\">\n\t\t\t\t\t<div class=\"elementor-column elementor-col-100 elementor-top-column elementor-element elementor-element-6fa47c5\" data-id=\"6fa47c5\" data-element_type=\"column\">\n\t\t\t<div class=\"elementor-column-wrap elementor-element-populated\">\n\t\t\t\t\t\t\t<div class=\"elementor-widget-wrap\">\n\t\t\t\t\t\t<div class=\"elementor-element elementor-element-589b7fd elementor-widget elementor-widget-template\" data-id=\"589b7fd\" data-element_type=\"widget\" data-widget_type=\"template.default\">\n\t\t\t\t<div class=\"elementor-widget-container\">\n\t\t\t\t\t<div class=\"elementor-template\">\n\t\t\t\t\t<div data-elementor-type=\"page\" data-elementor-id=\"793\" class=\"elementor elementor-793\" data-elementor-settings=\"[]\">\n\t\t\t\t\t\t<div class=\"elementor-inner\">\n\t\t\t\t\t\t\t<div class=\"elementor-section-wrap\">\n\t\t\t\t\t\t\t<section data-particle_enable=\"false\" data-particle-mobile-disabled=\"false\" class=\"elementor-section elementor-top-section elementor-element elementor-element-1cc8598d elementor-section-boxed elementor-section-height-default elementor-section-height-default\" data-id=\"1cc8598d\" data-element_type=\"section\">\n\t\t\t\t\t\t<div class=\"elementor-container elementor-column-gap-default\">\n\t\t\t\t\t\t\t<div class=\"elementor-row\">\n\t\t\t\t\t<div class=\"elementor-column elementor-col-100 elementor-top-column elementor-element elementor-element-5b75810f\" data-id=\"5b75810f\" data-element_type=\"column\">\n\t\t\t<div class=\"elementor-column-wrap elementor-element-populated\">\n\t\t\t\t\t\t\t<div class=\"elementor-widget-wrap\">\n\t\t\t\t\t\t<div class=\"elementor-element elementor-element-8a28930 elementor-widget elementor-widget-text-editor\" data-id=\"8a28930\" data-element_type=\"widget\" data-widget_type=\"text-editor.default\">\n\t\t\t\t<div class=\"elementor-widget-container\">\n\t\t\t\t\t<div class=\"elementor-text-editor elementor-clearfix\"><p><span style=\"font-weight: 400;\">A Modi Technologies \u00e9 uma empresa mo\u00e7ambicana que iniciou a sua opera\u00e7\u00e3o em Mo\u00e7ambique em Junho de 2021 e tem como principal objectivo facilitar o processo de partilha de informa\u00e7\u00e3o e dados, seja ela de identifica\u00e7\u00e3o ou n\u00e3o de cidad\u00e3os e neg\u00f3cios, no contexto digital.<\/span><\/p><p><span style=\"font-weight: 400;\">Os accionistas da Modi Technologies, Limitada incluem a Tablu Tecnologias Limitada (75%); Escopil Holding Limitada (20%), e outros accionistas (5%).<\/span><\/p><p><span style=\"font-weight: 400;\">Determinada em oferecer sempre o melhor servi\u00e7o e concentrada nas quest\u00f5es da sociedade, a Modi Technologies continua a introduzir todos os dias novas formas de facilitar a identifica\u00e7\u00e3o do cidad\u00e3o e neg\u00f3cios Mo\u00e7ambicanos e no mundo digital.<\/span><\/p><\/div>\n\t\t\t\t<\/div>\n\t\t\t\t<\/div>\n\t\t\t\t\t\t<\/div>\n\t\t\t\t\t<\/div>\n\t\t<\/div>\n\t\t\t\t\t\t\t\t<\/div>\n\t\t\t\t\t<\/div>\n\t\t<\/section>\n\t\t\t\t\t\t<\/div>\n\t\t\t\t\t\t<\/div>\n\t\t\t\t\t<\/div>\n\t\t\t\t<\/div>\n\t\t\t\t<\/div>\n\t\t\t\t<\/div>\n\t\t\t\t\t\t<\/div>\n\t\t\t\t\t<\/div>\n\t\t<\/div>\n\t\t\t\t\t\t\t\t<\/div>\n\t\t\t\t\t<\/div>\n\t\t<\/section>\n\t\t\t\t\t\t<\/div>\n\t\t\t\t\t\t<\/div>\n\t\t\t\t\t<\/div>","protected":false},"excerpt":{"rendered":"","protected":false},"author":1,"featured_media":0,"parent":527,"menu_order":0,"comment_status":"closed","ping_status":"closed","template":"","meta":[],"_links":{"self":[{"href":"https:\/\/modi.co.mz\/en\/wp-json\/wp\/v2\/pages\/798"}],"collection":[{"href":"https:\/\/modi.co.mz\/en\/wp-json\/wp\/v2\/pages"}],"about":[{"href":"https:\/\/modi.co.mz\/en\/wp-json\/wp\/v2\/types\/page"}],"author":[{"embeddable":true,"href":"https:\/\/modi.co.mz\/en\/wp-json\/wp\/v2\/users\/1"}],"replies":[{"embeddable":true,"href":"https:\/\/modi.co.mz\/en\/wp-json\/wp\/v2\/comments?post=798"}],"version-history":[{"count":13,"href":"https:\/\/modi.co.mz\/en\/wp-json\/wp\/v2\/pages\/798\/revisions"}],"predecessor-version":[{"id":1197,"href":"https:\/\/modi.co.mz\/en\/wp-json\/wp\/v2\/pages\/798\/revisions\/1197"}],"up":[{"embeddable":true,"href":"https:\/\/modi.co.mz\/en\/wp-json\/wp\/v2\/pages\/527"}],"wp:attachment":[{"href":"https:\/\/modi.co.mz\/en\/wp-json\/wp\/v2\/media?parent=798"}],"curies":[{"name":"wp","href":"https:\/\/api.w.org\/{rel}","templated":true}]}}